{"id":1028,"date":"2025-12-06T19:15:18","date_gmt":"2025-12-06T19:15:18","guid":{"rendered":"https:\/\/gastarbeiter.panteion.gr\/startseite\/"},"modified":"2026-01-07T18:21:29","modified_gmt":"2026-01-07T18:21:29","slug":"startseite","status":"publish","type":"page","link":"https:\/\/gastarbeiter.panteion.gr\/de\/","title":{"rendered":"STARTSEITE"},"content":{"rendered":"\t\t<div data-elementor-type=\"wp-page\" data-elementor-id=\"1028\" class=\"elementor elementor-1028 elementor-9\">\n\t\t\t\t<div class=\"elementor-element elementor-element-2339f9d e-flex e-con-boxed e-con e-parent\" data-id=\"2339f9d\" data-element_type=\"container\" data-e-type=\"container\" data-settings=\"{&quot;background_background&quot;:&quot;classic&quot;,&quot;shape_divider_bottom&quot;:&quot;waves&quot;,&quot;shape_divider_bottom_negative&quot;:&quot;yes&quot;}\">\n\t\t\t\t\t<div class=\"e-con-inner\">\n\t\t\t\t<div class=\"elementor-shape elementor-shape-bottom\" aria-hidden=\"true\" data-negative=\"true\">\n\t\t\t<svg xmlns=\"http:\/\/www.w3.org\/2000\/svg\" viewBox=\"0 0 1000 100\" preserveAspectRatio=\"none\">\n\t<path class=\"elementor-shape-fill\" d=\"M790.5,93.1c-59.3-5.3-116.8-18-192.6-50c-29.6-12.7-76.9-31-100.5-35.9c-23.6-4.9-52.6-7.8-75.5-5.3\n\tc-10.2,1.1-22.6,1.4-50.1,7.4c-27.2,6.3-58.2,16.6-79.4,24.7c-41.3,15.9-94.9,21.9-134,22.6C72,58.2,0,25.8,0,25.8V100h1000V65.3\n\tc0,0-51.5,19.4-106.2,25.7C839.5,97,814.1,95.2,790.5,93.1z\"\/>\n<\/svg>\t\t<\/div>\n\t\t<div class=\"elementor-element elementor-element-f308bff e-con-full e-flex e-con e-child\" data-id=\"f308bff\" data-element_type=\"container\" data-e-type=\"container\">\n\t\t\t\t<div class=\"elementor-element elementor-element-64e8f55 elementor-widget elementor-widget-heading\" data-id=\"64e8f55\" data-element_type=\"widget\" data-e-type=\"widget\" data-widget_type=\"heading.default\">\n\t\t\t\t<div class=\"elementor-widget-container\">\n\t\t\t\t\t<h4 class=\"elementor-heading-title elementor-size-default\">GRIECHISCHE GASTARBEITER IM NACHKRIEGSDEUTSCHLAND:\nEINE GESCHICHTE VON VIELFALT, KOMPLEXIT\u00c4T UND WANDEL<\/h4>\t\t\t\t<\/div>\n\t\t\t\t<\/div>\n\t\t\t\t<div class=\"elementor-element elementor-element-d4779b1 elementor-widget elementor-widget-text-editor\" data-id=\"d4779b1\" data-element_type=\"widget\" data-e-type=\"widget\" data-widget_type=\"text-editor.default\">\n\t\t\t\t<div class=\"elementor-widget-container\">\n\t\t\t\t\t\t\t\t\tGeschichte der griechischen Migration nach Westdeutschland 1960-1981\n\t\t\t\t\t\t\t\t<\/div>\n\t\t\t\t<\/div>\n\t\t\t\t<div class=\"elementor-element elementor-element-2537801 elementor-widget-divider--view-line elementor-widget elementor-widget-divider\" data-id=\"2537801\" data-element_type=\"widget\" data-e-type=\"widget\" data-widget_type=\"divider.default\">\n\t\t\t\t<div class=\"elementor-widget-container\">\n\t\t\t\t\t\t\t<div class=\"elementor-divider\">\n\t\t\t<span class=\"elementor-divider-separator\">\n\t\t\t\t\t\t<\/span>\n\t\t<\/div>\n\t\t\t\t\t\t<\/div>\n\t\t\t\t<\/div>\n\t\t\t\t<div class=\"elementor-element elementor-element-7c65254 elementor-widget elementor-widget-text-editor\" data-id=\"7c65254\" data-element_type=\"widget\" data-e-type=\"widget\" data-widget_type=\"text-editor.default\">\n\t\t\t\t<div class=\"elementor-widget-container\">\n\t\t\t\t\t\t\t\t\tDas Forschungsprogramm wurde im Rahmen der \u201e3. Ausschreibung f\u00fcr Forschungsprojekte des EL.I.D.E.K. zur F\u00f6rderung von Fakult\u00e4tsmitgliedern und Forschenden\u201c finanziert.\t\t\t\t\t\t\t\t<\/div>\n\t\t\t\t<\/div>\n\t\t\t\t<div class=\"elementor-element elementor-element-966c119 elementor-widget elementor-widget-image\" data-id=\"966c119\" data-element_type=\"widget\" data-e-type=\"widget\" data-widget_type=\"image.default\">\n\t\t\t\t<div class=\"elementor-widget-container\">\n\t\t\t\t\t\t\t\t\t\t\t\t\t\t\t<img decoding=\"async\" width=\"300\" height=\"83\" src=\"https:\/\/gastarbeiter.panteion.gr\/wp-content\/uploads\/2025\/12\/ELIDEK_Logo_HighQuality__GR-300x83.png\" class=\"attachment-medium size-medium wp-image-1010\" alt=\"\" srcset=\"https:\/\/gastarbeiter.panteion.gr\/wp-content\/uploads\/2025\/12\/ELIDEK_Logo_HighQuality__GR-300x83.png 300w, https:\/\/gastarbeiter.panteion.gr\/wp-content\/uploads\/2025\/12\/ELIDEK_Logo_HighQuality__GR.png 400w\" sizes=\"(max-width: 300px) 100vw, 300px\" \/>\t\t\t\t\t\t\t\t\t\t\t\t\t\t\t<\/div>\n\t\t\t\t<\/div>\n\t\t\t\t<\/div>\n\t\t<div class=\"elementor-element elementor-element-11546b8 e-con-full e-flex e-con e-child\" data-id=\"11546b8\" data-element_type=\"container\" data-e-type=\"container\" data-settings=\"{&quot;background_background&quot;:&quot;classic&quot;}\">\n\t\t\t\t<div class=\"elementor-element elementor-element-aa662c8 elementor-invisible elementor-widget elementor-widget-image\" data-id=\"aa662c8\" data-element_type=\"widget\" data-e-type=\"widget\" data-settings=\"{&quot;_animation&quot;:&quot;fadeInRight&quot;}\" data-widget_type=\"image.default\">\n\t\t\t\t<div class=\"elementor-widget-container\">\n\t\t\t\t\t\t\t\t\t\t\t\t\t\t\t<img fetchpriority=\"high\" decoding=\"async\" width=\"1005\" height=\"815\" src=\"https:\/\/gastarbeiter.panteion.gr\/wp-content\/uploads\/2026\/01\/main1.png\" class=\"attachment-full size-full wp-image-1092\" alt=\"\" srcset=\"https:\/\/gastarbeiter.panteion.gr\/wp-content\/uploads\/2026\/01\/main1.png 1005w, https:\/\/gastarbeiter.panteion.gr\/wp-content\/uploads\/2026\/01\/main1-300x243.png 300w, https:\/\/gastarbeiter.panteion.gr\/wp-content\/uploads\/2026\/01\/main1-768x623.png 768w\" sizes=\"(max-width: 1005px) 100vw, 1005px\" \/>\t\t\t\t\t\t\t\t\t\t\t\t\t\t\t<\/div>\n\t\t\t\t<\/div>\n\t\t\t\t<\/div>\n\t\t\t\t\t<\/div>\n\t\t\t\t<\/div>\n\t\t<div class=\"elementor-element elementor-element-ae40ffb e-flex e-con-boxed e-con e-parent\" data-id=\"ae40ffb\" data-element_type=\"container\" data-e-type=\"container\" data-settings=\"{&quot;background_background&quot;:&quot;classic&quot;}\">\n\t\t\t\t\t<div class=\"e-con-inner\">\n\t\t\t\t<div class=\"elementor-element elementor-element-5d67ae2 elementor-widget elementor-widget-heading\" data-id=\"5d67ae2\" data-element_type=\"widget\" data-e-type=\"widget\" data-widget_type=\"heading.default\">\n\t\t\t\t<div class=\"elementor-widget-container\">\n\t\t\t\t\t<h4 class=\"elementor-heading-title elementor-size-default\">Untersuchung der geschlechtsspezifischen, klassenbezogenen, ethnokulturellen und politischen Differenzierungen unter den griechischen Migranten.<\/h4>\t\t\t\t<\/div>\n\t\t\t\t<\/div>\n\t\t\t\t<div class=\"elementor-element elementor-element-becb80e elementor-widget elementor-widget-heading\" data-id=\"becb80e\" data-element_type=\"widget\" data-e-type=\"widget\" data-widget_type=\"heading.default\">\n\t\t\t\t<div class=\"elementor-widget-container\">\n\t\t\t\t\t<h4 class=\"elementor-heading-title elementor-size-default\">Studie der zeitlichen Ver\u00e4nderungen der Erfahrungen und Strategien von Migranten und Migrantinnen.<\/h4>\t\t\t\t<\/div>\n\t\t\t\t<\/div>\n\t\t\t\t<div class=\"elementor-element elementor-element-3d2d06d elementor-widget elementor-widget-heading\" data-id=\"3d2d06d\" data-element_type=\"widget\" data-e-type=\"widget\" data-widget_type=\"heading.default\">\n\t\t\t\t<div class=\"elementor-widget-container\">\n\t\t\t\t\t<h4 class=\"elementor-heading-title elementor-size-default\">Hervorhebung der Komplexit\u00e4t der Migrationsgeschichte.<\/h4>\t\t\t\t<\/div>\n\t\t\t\t<\/div>\n\t\t\t\t\t<\/div>\n\t\t\t\t<\/div>\n\t\t<div class=\"elementor-element elementor-element-d616e31 e-con-full e-flex e-con e-parent\" data-id=\"d616e31\" data-element_type=\"container\" data-e-type=\"container\">\n\t\t\t\t<div class=\"elementor-element elementor-element-68c1df4 elementor-widget elementor-widget-image\" data-id=\"68c1df4\" data-element_type=\"widget\" data-e-type=\"widget\" data-widget_type=\"image.default\">\n\t\t\t\t<div class=\"elementor-widget-container\">\n\t\t\t\t\t\t\t\t\t\t\t\t\t\t\t<img decoding=\"async\" width=\"2560\" height=\"1285\" src=\"https:\/\/gastarbeiter.panteion.gr\/wp-content\/uploads\/2026\/01\/main2-scaled.jpeg\" class=\"attachment-full size-full wp-image-1093\" alt=\"\" srcset=\"https:\/\/gastarbeiter.panteion.gr\/wp-content\/uploads\/2026\/01\/main2-scaled.jpeg 2560w, https:\/\/gastarbeiter.panteion.gr\/wp-content\/uploads\/2026\/01\/main2-300x151.jpeg 300w, https:\/\/gastarbeiter.panteion.gr\/wp-content\/uploads\/2026\/01\/main2-1024x514.jpeg 1024w, https:\/\/gastarbeiter.panteion.gr\/wp-content\/uploads\/2026\/01\/main2-768x386.jpeg 768w, https:\/\/gastarbeiter.panteion.gr\/wp-content\/uploads\/2026\/01\/main2-1536x771.jpeg 1536w, https:\/\/gastarbeiter.panteion.gr\/wp-content\/uploads\/2026\/01\/main2-2048x1028.jpeg 2048w\" sizes=\"(max-width: 2560px) 100vw, 2560px\" \/>\t\t\t\t\t\t\t\t\t\t\t\t\t\t\t<\/div>\n\t\t\t\t<\/div>\n\t\t\t\t<\/div>\n\t\t\t\t<\/div>\n\t\t","protected":false},"excerpt":{"rendered":"<p>GRIECHISCHE GASTARBEITER IM NACHKRIEGSDEUTSCHLAND: EINE GESCHICHTE VON VIELFALT, KOMPLEXIT\u00c4T UND WANDEL Geschichte der griechischen Migration nach Westdeutschland 1960-1981 Das Forschungsprogramm [&hellip;]<\/p>\n","protected":false},"author":1,"featured_media":0,"parent":0,"menu_order":0,"comment_status":"closed","ping_status":"closed","template":"","meta":{"site-sidebar-layout":"no-sidebar","site-content-layout":"","ast-site-content-layout":"full-width-container","site-content-style":"unboxed","site-sidebar-style":"unboxed","ast-global-header-display":"","ast-banner-title-visibility":"","ast-main-header-display":"","ast-hfb-above-header-display":"","ast-hfb-below-header-display":"","ast-hfb-mobile-header-display":"","site-post-title":"disabled","ast-breadcrumbs-content":"","ast-featured-img":"disabled","footer-sml-layout":"","ast-disable-related-posts":"","theme-transparent-header-meta":"","adv-header-id-meta":"","stick-header-meta":"","header-above-stick-meta":"","header-main-stick-meta":"","header-below-stick-meta":"","astra-migrate-meta-layouts":"default","ast-page-background-enabled":"default","ast-page-background-meta":{"desktop":{"background-color":"var(--ast-global-color-4)","background-image":"","background-repeat":"repeat","background-position":"center center","background-size":"auto","background-attachment":"scroll","background-type":"","background-media":"","overlay-type":"","overlay-color":"","overlay-opacity":"","overlay-gradient":""},"tablet":{"background-color":"","background-image":"","background-repeat":"repeat","background-position":"center center","background-size":"auto","background-attachment":"scroll","background-type":"","background-media":"","overlay-type":"","overlay-color":"","overlay-opacity":"","overlay-gradient":""},"mobile":{"background-color":"","background-image":"","background-repeat":"repeat","background-position":"center center","background-size":"auto","background-attachment":"scroll","background-type":"","background-media":"","overlay-type":"","overlay-color":"","overlay-opacity":"","overlay-gradient":""}},"ast-content-background-meta":{"desktop":{"background-color":"var(--ast-global-color-5)","background-image":"","background-repeat":"repeat","background-position":"center center","background-size":"auto","background-attachment":"scroll","background-type":"","background-media":"","overlay-type":"","overlay-color":"","overlay-opacity":"","overlay-gradient":""},"tablet":{"background-color":"var(--ast-global-color-5)","background-image":"","background-repeat":"repeat","background-position":"center center","background-size":"auto","background-attachment":"scroll","background-type":"","background-media":"","overlay-type":"","overlay-color":"","overlay-opacity":"","overlay-gradient":""},"mobile":{"background-color":"var(--ast-global-color-5)","background-image":"","background-repeat":"repeat","background-position":"center center","background-size":"auto","background-attachment":"scroll","background-type":"","background-media":"","overlay-type":"","overlay-color":"","overlay-opacity":"","overlay-gradient":""}},"footnotes":""},"class_list":["post-1028","page","type-page","status-publish","hentry"],"_links":{"self":[{"href":"https:\/\/gastarbeiter.panteion.gr\/de\/wp-json\/wp\/v2\/pages\/1028","targetHints":{"allow":["GET"]}}],"collection":[{"href":"https:\/\/gastarbeiter.panteion.gr\/de\/wp-json\/wp\/v2\/pages"}],"about":[{"href":"https:\/\/gastarbeiter.panteion.gr\/de\/wp-json\/wp\/v2\/types\/page"}],"author":[{"embeddable":true,"href":"https:\/\/gastarbeiter.panteion.gr\/de\/wp-json\/wp\/v2\/users\/1"}],"replies":[{"embeddable":true,"href":"https:\/\/gastarbeiter.panteion.gr\/de\/wp-json\/wp\/v2\/comments?post=1028"}],"version-history":[{"count":2,"href":"https:\/\/gastarbeiter.panteion.gr\/de\/wp-json\/wp\/v2\/pages\/1028\/revisions"}],"predecessor-version":[{"id":1094,"href":"https:\/\/gastarbeiter.panteion.gr\/de\/wp-json\/wp\/v2\/pages\/1028\/revisions\/1094"}],"wp:attachment":[{"href":"https:\/\/gastarbeiter.panteion.gr\/de\/wp-json\/wp\/v2\/media?parent=1028"}],"curies":[{"name":"wp","href":"https:\/\/api.w.org\/{rel}","templated":true}]}}