{"id":863,"date":"2025-12-06T19:15:19","date_gmt":"2025-12-06T19:15:19","guid":{"rendered":"https:\/\/gastarbeiter.panteion.gr\/das-projekt\/"},"modified":"2026-04-06T17:05:27","modified_gmt":"2026-04-06T17:05:27","slug":"das-projekt","status":"publish","type":"page","link":"https:\/\/gastarbeiter.panteion.gr\/de\/das-projekt\/","title":{"rendered":"DAS PROJEKT"},"content":{"rendered":"\t\t<div data-elementor-type=\"wp-page\" data-elementor-id=\"863\" class=\"elementor elementor-863 elementor-835\">\n\t\t\t\t<div class=\"elementor-element elementor-element-ccfdaa1 e-flex e-con-boxed e-con e-parent\" data-id=\"ccfdaa1\" data-element_type=\"container\" data-e-type=\"container\" id=\"beschreibung\">\n\t\t\t\t\t<div class=\"e-con-inner\">\n\t\t<div class=\"elementor-element elementor-element-1332eee e-con-full e-flex e-con e-child\" data-id=\"1332eee\" data-element_type=\"container\" data-e-type=\"container\">\n\t\t\t\t<div class=\"elementor-element elementor-element-b94718c uael-dual-heading-align-left elementor-widget elementor-widget-uael-dual-color-heading\" data-id=\"b94718c\" data-element_type=\"widget\" data-e-type=\"widget\" data-widget_type=\"uael-dual-color-heading.default\">\n\t\t\t\t<div class=\"elementor-widget-container\">\n\t\t\t\t\t\t\t\t\t<div class=\"uael-module-content uael-dual-color-heading uael-heading-stack-none\">\n\t\t\t<p>\n\t\t\t\t\t\t\t\t\t\t\t\t\t\t\t\t<span class=\"uael-before-heading\"><span class=\"elementor-inline-editing uael-dual-heading-text uael-first-text\" data-elementor-setting-key=\"before_heading_text\" data-elementor-inline-editing-toolbar=\"basic\"><\/span><\/span><span class=\"uael-adv-heading-stack\"><span class=\"elementor-inline-editing uael-dual-heading-text uael-highlight-text\" data-elementor-setting-key=\"second_heading_text\" data-elementor-inline-editing-toolbar=\"basic\">\/\/ <\/span><\/span><span class=\"uael-after-heading\"><span class=\"elementor-inline-editing uael-dual-heading-text uael-third-text\" data-elementor-setting-key=\"after_heading_text\" data-elementor-inline-editing-toolbar=\"basic\">Forschungsprojekt ELIDEK\u202f2025<\/span><\/span>\t\t\t\t\t\t\t\t\t\t\t\t\t<\/p>\n\t\t<\/div>\n\t\t\t\t\t\t<\/div>\n\t\t\t\t<\/div>\n\t\t\t\t<div class=\"elementor-element elementor-element-43750fd elementor-widget elementor-widget-heading\" data-id=\"43750fd\" data-element_type=\"widget\" data-e-type=\"widget\" data-widget_type=\"heading.default\">\n\t\t\t\t<div class=\"elementor-widget-container\">\n\t\t\t\t\t<h4 class=\"elementor-heading-title elementor-size-default\">GRIECHISCHE GASTARBEITER IM NACHKRIEGSDEUTSCHLAND:\nEINE GESCHICHTE VON VIELFALT, KOMPLEXIT\u00c4T UND WANDEL\n<\/h4>\t\t\t\t<\/div>\n\t\t\t\t<\/div>\n\t\t\t\t<div class=\"elementor-element elementor-element-4f62916 elementor-widget elementor-widget-text-editor\" data-id=\"4f62916\" data-element_type=\"widget\" data-e-type=\"widget\" data-widget_type=\"text-editor.default\">\n\t\t\t\t<div class=\"elementor-widget-container\">\n\t\t\t\t\t\t\t\t\t<p class=\"p1\">Trotz der demografischen und sozio\u00f6konomischen Bedeutung der griechischen Nachkriegsmigration nach Westdeutschland sind historische Studien zu griechischen Einwanderern \u2013 sowohl M\u00e4nnern als auch Frauen \u2013 nach wie vor \u00e4u\u00dferst selten. Dieses Projekt wird die Geschichte der griechischen Einwanderung nach Westdeutschland von 1960 bis 1981 dokumentieren \u2013 vom Beginn der Massengewinnung griechischer Arbeitskr\u00e4fte bis zum Jahr, in dem Griechenland der Europ\u00e4ischen Wirtschaftsgemeinschaft beitrat. Auf Basis umfangreicher Archivforschung in Griechenland und Deutschland sowie pers\u00f6nlicher Dokumente und m\u00fcndlicher \u00dcberlieferungen von Migrant*innen untersucht das Projekt die Komplexit\u00e4t und Transformationen innerhalb der griechischen Bev\u00f6lkerung im Kontext der sich wandelnden wirtschaftlichen, politischen, sozialen und kulturellen Realit\u00e4ten Deutschlands. Gleichzeitig werden die Dynamiken zwischen \u201eeinheimischen\u201c und \u201eimmigranten\u201c Gemeinschaften analysiert.<\/p><p class=\"p1\">Die Migration wird dabei als Prozess verstanden, in dem Geschlecht und andere soziale Kategorien neu verhandelt werden. Die Studie konzentriert sich auf die unterschiedlichen Arbeits und Lebenserfahrungen griechischer M\u00e4nner und Frauen in Deutschland w\u00e4hrend der 1960er und 1970erJahre und auf die Ver\u00e4nderungen, die Migration f\u00fcr ihre Identit\u00e4ten und Beziehungen mit sich brachte. Dar\u00fcber hinaus wird die Vielfalt und die internen Beziehungen der griechischen Einwandererpopulation erforscht, wobei drei weitere Differenzierungsachsen hervorgehoben werden: Klasse, subethnische Kultur und politische Haltung. Durch die Analyse von Geschlecht, Klasse, ethnokultureller und politischer Diversit\u00e4t unter griechischen Migrant*innen und durch die Betonung der Heterogenit\u00e4t ihrer Profile, Erfahrungen und Strategien soll die Komplexit\u00e4t der Migrationsgeschichte wiedergewonnen werden.<\/p>\t\t\t\t\t\t\t\t<\/div>\n\t\t\t\t<\/div>\n\t\t\t\t<\/div>\n\t\t<div class=\"elementor-element elementor-element-919d753 e-con-full e-flex e-con e-child\" data-id=\"919d753\" data-element_type=\"container\" data-e-type=\"container\">\n\t\t\t\t<div class=\"elementor-element elementor-element-3967b1c elementor-widget elementor-widget-image\" data-id=\"3967b1c\" data-element_type=\"widget\" data-e-type=\"widget\" data-widget_type=\"image.default\">\n\t\t\t\t<div class=\"elementor-widget-container\">\n\t\t\t\t\t\t\t\t\t\t\t\t\t\t\t<img fetchpriority=\"high\" decoding=\"async\" width=\"800\" height=\"809\" src=\"https:\/\/gastarbeiter.panteion.gr\/wp-content\/uploads\/2026\/01\/ergo1.jpeg\" class=\"attachment-full size-full wp-image-1110\" alt=\"\" srcset=\"https:\/\/gastarbeiter.panteion.gr\/wp-content\/uploads\/2026\/01\/ergo1.jpeg 800w, https:\/\/gastarbeiter.panteion.gr\/wp-content\/uploads\/2026\/01\/ergo1-297x300.jpeg 297w, https:\/\/gastarbeiter.panteion.gr\/wp-content\/uploads\/2026\/01\/ergo1-768x777.jpeg 768w\" sizes=\"(max-width: 800px) 100vw, 800px\" \/>\t\t\t\t\t\t\t\t\t\t\t\t\t\t\t<\/div>\n\t\t\t\t<\/div>\n\t\t\t\t<\/div>\n\t\t\t\t\t<\/div>\n\t\t\t\t<\/div>\n\t\t<div class=\"elementor-element elementor-element-d34f822 e-flex e-con-boxed e-con e-parent\" data-id=\"d34f822\" data-element_type=\"container\" data-e-type=\"container\" id=\"forschungsteam\" data-settings=\"{&quot;background_background&quot;:&quot;classic&quot;,&quot;shape_divider_top&quot;:&quot;waves&quot;}\">\n\t\t\t\t\t<div class=\"e-con-inner\">\n\t\t\t\t<div class=\"elementor-shape elementor-shape-top\" aria-hidden=\"true\" data-negative=\"false\">\n\t\t\t<svg xmlns=\"http:\/\/www.w3.org\/2000\/svg\" viewBox=\"0 0 1000 100\" preserveAspectRatio=\"none\">\n\t<path class=\"elementor-shape-fill\" d=\"M421.9,6.5c22.6-2.5,51.5,0.4,75.5,5.3c23.6,4.9,70.9,23.5,100.5,35.7c75.8,32.2,133.7,44.5,192.6,49.7\n\tc23.6,2.1,48.7,3.5,103.4-2.5c54.7-6,106.2-25.6,106.2-25.6V0H0v30.3c0,0,72,32.6,158.4,30.5c39.2-0.7,92.8-6.7,134-22.4\n\tc21.2-8.1,52.2-18.2,79.7-24.2C399.3,7.9,411.6,7.5,421.9,6.5z\"\/>\n<\/svg>\t\t<\/div>\n\t\t<div class=\"elementor-element elementor-element-9512c27 e-con-full e-flex e-con e-child\" data-id=\"9512c27\" data-element_type=\"container\" data-e-type=\"container\">\n\t\t\t\t<div class=\"elementor-element elementor-element-bb91ad8 elementor-widget elementor-widget-image\" data-id=\"bb91ad8\" data-element_type=\"widget\" data-e-type=\"widget\" data-widget_type=\"image.default\">\n\t\t\t\t<div class=\"elementor-widget-container\">\n\t\t\t\t\t\t\t\t\t\t\t\t\t\t\t<img decoding=\"async\" width=\"800\" height=\"808\" src=\"https:\/\/gastarbeiter.panteion.gr\/wp-content\/uploads\/2026\/01\/ergo2.jpeg\" class=\"attachment-full size-full wp-image-1111\" alt=\"\" srcset=\"https:\/\/gastarbeiter.panteion.gr\/wp-content\/uploads\/2026\/01\/ergo2.jpeg 800w, https:\/\/gastarbeiter.panteion.gr\/wp-content\/uploads\/2026\/01\/ergo2-297x300.jpeg 297w, https:\/\/gastarbeiter.panteion.gr\/wp-content\/uploads\/2026\/01\/ergo2-768x776.jpeg 768w\" sizes=\"(max-width: 800px) 100vw, 800px\" \/>\t\t\t\t\t\t\t\t\t\t\t\t\t\t\t<\/div>\n\t\t\t\t<\/div>\n\t\t<div class=\"elementor-element elementor-element-2023bcb e-con-full e-flex e-con e-child\" data-id=\"2023bcb\" data-element_type=\"container\" data-e-type=\"container\">\n\t\t\t\t<\/div>\n\t\t\t\t<\/div>\n\t\t<div class=\"elementor-element elementor-element-3071cc9 e-con-full e-flex e-con e-child\" data-id=\"3071cc9\" data-element_type=\"container\" data-e-type=\"container\">\n\t\t\t\t<div class=\"elementor-element elementor-element-5789126 uael-dual-heading-align-left elementor-widget elementor-widget-uael-dual-color-heading\" data-id=\"5789126\" data-element_type=\"widget\" data-e-type=\"widget\" data-widget_type=\"uael-dual-color-heading.default\">\n\t\t\t\t<div class=\"elementor-widget-container\">\n\t\t\t\t\t\t\t\t\t<div class=\"uael-module-content uael-dual-color-heading uael-heading-stack-none\">\n\t\t\t<p>\n\t\t\t\t\t\t\t\t\t\t\t\t\t\t\t\t<span class=\"uael-before-heading\"><span class=\"elementor-inline-editing uael-dual-heading-text uael-first-text\" data-elementor-setting-key=\"before_heading_text\" data-elementor-inline-editing-toolbar=\"basic\"><\/span><\/span><span class=\"uael-adv-heading-stack\"><span class=\"elementor-inline-editing uael-dual-heading-text uael-highlight-text\" data-elementor-setting-key=\"second_heading_text\" data-elementor-inline-editing-toolbar=\"basic\">\/\/ <\/span><\/span><span class=\"uael-after-heading\"><span class=\"elementor-inline-editing uael-dual-heading-text uael-third-text\" data-elementor-setting-key=\"after_heading_text\" data-elementor-inline-editing-toolbar=\"basic\">MITWIRKENDE<\/span><\/span>\t\t\t\t\t\t\t\t\t\t\t\t\t<\/p>\n\t\t<\/div>\n\t\t\t\t\t\t<\/div>\n\t\t\t\t<\/div>\n\t\t\t\t<div class=\"elementor-element elementor-element-cc80354 elementor-widget elementor-widget-text-editor\" data-id=\"cc80354\" data-element_type=\"widget\" data-e-type=\"widget\" data-widget_type=\"text-editor.default\">\n\t\t\t\t<div class=\"elementor-widget-container\">\n\t\t\t\t\t\t\t\t\t<p class=\"p1\"><strong>Projektleiterin:<\/strong><\/p>\n<p class=\"p1\">VENTURAS\u202fLINA, Professorin,<\/p>\n<p class=\"p1\">Institut f\u00fcr Politikwissenschaft und Geschichte, Panteion Universit\u00e4t<\/p>\n<p class=\"p1\"><strong>Forschungsteam:<\/strong><\/p>\n<p class=\"p1\">Postdoktorand*innen: PAPADOPOULOS\u202fYANNIS, TOURGELI\u202fPANAGIOTA<\/p>\n<p class=\"p1\">Promotionsstudierende: KARAVASILIS MARIOS, KOTSIKONA\u202fSIMONI<\/p>\n<p class=\"p1\">Externe Mitarbeitende: SEVERIN\u202fBARBOUTIE\u202fBETTINA, Professor, Universit\u00e4t Clermont<\/p>\n<p class=\"p1\">PANAGIOTIDIS\u202fJANNIS, Wissenschaftlicher Direktor, RECET, Universit\u00e4t Wien<\/p>\n<p class=\"p1\">Doktorandin: RAPANAKI EUGENIA<\/p>\n\n<p class=\"p1\">Zugeordnet zum Fachbereich f\u00fcr Internationale und Europ\u00e4ische Studien: GIATRAS PANAGIOTIS<\/p>\t\t\t\t\t\t\t\t<\/div>\n\t\t\t\t<\/div>\n\t\t\t\t<\/div>\n\t\t\t\t\t<\/div>\n\t\t\t\t<\/div>\n\t\t\t\t<\/div>\n\t\t","protected":false},"excerpt":{"rendered":"<p>\/\/ Forschungsprojekt ELIDEK\u202f2025 GRIECHISCHE GASTARBEITER IM NACHKRIEGSDEUTSCHLAND: EINE GESCHICHTE VON VIELFALT, KOMPLEXIT\u00c4T UND WANDEL Trotz der demografischen und sozio\u00f6konomischen Bedeutung [&hellip;]<\/p>\n","protected":false},"author":1,"featured_media":0,"parent":0,"menu_order":0,"comment_status":"closed","ping_status":"closed","template":"","meta":{"site-sidebar-layout":"no-sidebar","site-content-layout":"","ast-site-content-layout":"full-width-container","site-content-style":"unboxed","site-sidebar-style":"unboxed","ast-global-header-display":"","ast-banner-title-visibility":"","ast-main-header-display":"","ast-hfb-above-header-display":"","ast-hfb-below-header-display":"","ast-hfb-mobile-header-display":"","site-post-title":"disabled","ast-breadcrumbs-content":"","ast-featured-img":"disabled","footer-sml-layout":"","ast-disable-related-posts":"","theme-transparent-header-meta":"","adv-header-id-meta":"","stick-header-meta":"","header-above-stick-meta":"","header-main-stick-meta":"","header-below-stick-meta":"","astra-migrate-meta-layouts":"default","ast-page-background-enabled":"default","ast-page-background-meta":{"desktop":{"background-color":"var(--ast-global-color-4)","background-image":"","background-repeat":"repeat","background-position":"center center","background-size":"auto","background-attachment":"scroll","background-type":"","background-media":"","overlay-type":"","overlay-color":"","overlay-opacity":"","overlay-gradient":""},"tablet":{"background-color":"","background-image":"","background-repeat":"repeat","background-position":"center center","background-size":"auto","background-attachment":"scroll","background-type":"","background-media":"","overlay-type":"","overlay-color":"","overlay-opacity":"","overlay-gradient":""},"mobile":{"background-color":"","background-image":"","background-repeat":"repeat","background-position":"center center","background-size":"auto","background-attachment":"scroll","background-type":"","background-media":"","overlay-type":"","overlay-color":"","overlay-opacity":"","overlay-gradient":""}},"ast-content-background-meta":{"desktop":{"background-color":"var(--ast-global-color-5)","background-image":"","background-repeat":"repeat","background-position":"center center","background-size":"auto","background-attachment":"scroll","background-type":"","background-media":"","overlay-type":"","overlay-color":"","overlay-opacity":"","overlay-gradient":""},"tablet":{"background-color":"var(--ast-global-color-5)","background-image":"","background-repeat":"repeat","background-position":"center center","background-size":"auto","background-attachment":"scroll","background-type":"","background-media":"","overlay-type":"","overlay-color":"","overlay-opacity":"","overlay-gradient":""},"mobile":{"background-color":"var(--ast-global-color-5)","background-image":"","background-repeat":"repeat","background-position":"center center","background-size":"auto","background-attachment":"scroll","background-type":"","background-media":"","overlay-type":"","overlay-color":"","overlay-opacity":"","overlay-gradient":""}},"footnotes":""},"class_list":["post-863","page","type-page","status-publish","hentry"],"_links":{"self":[{"href":"https:\/\/gastarbeiter.panteion.gr\/de\/wp-json\/wp\/v2\/pages\/863","targetHints":{"allow":["GET"]}}],"collection":[{"href":"https:\/\/gastarbeiter.panteion.gr\/de\/wp-json\/wp\/v2\/pages"}],"about":[{"href":"https:\/\/gastarbeiter.panteion.gr\/de\/wp-json\/wp\/v2\/types\/page"}],"author":[{"embeddable":true,"href":"https:\/\/gastarbeiter.panteion.gr\/de\/wp-json\/wp\/v2\/users\/1"}],"replies":[{"embeddable":true,"href":"https:\/\/gastarbeiter.panteion.gr\/de\/wp-json\/wp\/v2\/comments?post=863"}],"version-history":[{"count":15,"href":"https:\/\/gastarbeiter.panteion.gr\/de\/wp-json\/wp\/v2\/pages\/863\/revisions"}],"predecessor-version":[{"id":1139,"href":"https:\/\/gastarbeiter.panteion.gr\/de\/wp-json\/wp\/v2\/pages\/863\/revisions\/1139"}],"wp:attachment":[{"href":"https:\/\/gastarbeiter.panteion.gr\/de\/wp-json\/wp\/v2\/media?parent=863"}],"curies":[{"name":"wp","href":"https:\/\/api.w.org\/{rel}","templated":true}]}}